{"id":115,"date":"2022-06-30T15:39:10","date_gmt":"2022-06-30T13:39:10","guid":{"rendered":"http:\/\/hoteluparku.cz\/?page_id=115"},"modified":"2022-11-09T15:57:16","modified_gmt":"2022-11-09T14:57:16","slug":"platebni-metody","status":"publish","type":"page","link":"https:\/\/hoteluparku.cz\/de\/platebni-metody\/","title":{"rendered":"Gesch\u00e4ftsbedingungen"},"content":{"rendered":"\n<p>Platba na m\u00edst\u011b (bez garance platebn\u00ed kartou)<\/p>\n\n\n\n<p>Nez\u00e1vazn\u00e1 popt\u00e1vka &#8211; na m\u00edst\u011b bez garance kreditn\u00ed karty<\/p>\n\n\n\n<p>Po odesl\u00e1n\u00ed popt\u00e1vky vy\u010dkejte na potvrzen\u00ed, budeme V\u00e1s kontaktovat.<\/p>\n","protected":false},"excerpt":{"rendered":"<p>Platba na m\u00edst\u011b (bez garance platebn\u00ed kartou) Nez\u00e1vazn\u00e1 popt\u00e1vka &#8211; na m\u00edst\u011b bez garance kreditn\u00ed &#8230; <\/p>\n<div class=\"text-center\"><a class=\"theme-btn\" href=\"https:\/\/hoteluparku.cz\/de\/platebni-metody\/\">Read More<\/a><\/div>\n","protected":false},"author":1,"featured_media":0,"parent":0,"menu_order":0,"comment_status":"closed","ping_status":"closed","template":"","meta":{"_links_to":"","_links_to_target":""},"_links":{"self":[{"href":"https:\/\/hoteluparku.cz\/de\/wp-json\/wp\/v2\/pages\/115"}],"collection":[{"href":"https:\/\/hoteluparku.cz\/de\/wp-json\/wp\/v2\/pages"}],"about":[{"href":"https:\/\/hoteluparku.cz\/de\/wp-json\/wp\/v2\/types\/page"}],"author":[{"embeddable":true,"href":"https:\/\/hoteluparku.cz\/de\/wp-json\/wp\/v2\/users\/1"}],"replies":[{"embeddable":true,"href":"https:\/\/hoteluparku.cz\/de\/wp-json\/wp\/v2\/comments?post=115"}],"version-history":[{"count":3,"href":"https:\/\/hoteluparku.cz\/de\/wp-json\/wp\/v2\/pages\/115\/revisions"}],"predecessor-version":[{"id":250,"href":"https:\/\/hoteluparku.cz\/de\/wp-json\/wp\/v2\/pages\/115\/revisions\/250"}],"wp:attachment":[{"href":"https:\/\/hoteluparku.cz\/de\/wp-json\/wp\/v2\/media?parent=115"}],"curies":[{"name":"wp","href":"https:\/\/api.w.org\/{rel}","templated":true}]}}