{"id":160,"date":"2022-07-07T18:56:28","date_gmt":"2022-07-07T16:56:28","guid":{"rendered":"https:\/\/hoteluparku.cz\/de?page_id=160"},"modified":"2022-11-14T14:59:05","modified_gmt":"2022-11-14T13:59:05","slug":"obchodni-podminky","status":"publish","type":"page","link":"https:\/\/hoteluparku.cz\/de\/obchodni-podminky\/","title":{"rendered":"Zahlungsarten"},"content":{"rendered":"\n<p><strong>V\u0161eobecn\u00e9 obchodn\u00ed podm\u00ednky<\/strong><\/p>\n\n\n\n<p><strong>\u00da\u010dastn\u00edci smluvn\u00edho vztahu:<\/strong><\/p>\n\n\n\n<p>Poskytovatel slu\u017eby &#8211; spole\u010dnost <strong><u>Gastro Ho\u0159ovice, s.r.o.<\/u><\/strong>, se s\u00eddlem Pod N\u00e1dra\u017e\u00edm 281\/22, 26801 Ho\u0159ovice, I\u010c: 01476467, DI\u010c: CZ01476467, zapsan\u00e1 v obchodn\u00edm rejst\u0159\u00edku veden\u00e9m u M\u011bstsk\u00e9ho soudu v&nbsp;Praze odd\u00edl C, vlo\u017eka 206935 (d\u00e1le jen \u201ePoskytovatel\u201c).<\/p>\n\n\n\n<p>Objednatel slu\u017eby &#8211; fyzick\u00e1 \u010di pr\u00e1vnick\u00e1 osoba (d\u00e1le jen \u201eObjednatel\u201c).<\/p>\n\n\n\n<p>Tyto v\u0161eobecn\u00e9 obchodn\u00ed podm\u00ednky plat\u00ed obecn\u011b pro v\u0161echny objednatele, se kter\u00fdmi nen\u00ed sjedn\u00e1na p\u00edsemn\u00e1 smlouva o poskytov\u00e1n\u00ed slu\u017eeb.<\/p>\n\n\n\n<p><strong>Rezervace ubytov\u00e1n\u00ed a slu\u017eeb:<\/strong><\/p>\n\n\n\n<p>Rezervace ubytov\u00e1n\u00ed a dal\u0161\u00edch slu\u017eeb u Poskytovatele a potvrzen\u00ed t\u00e9to rezervace ze strany Poskytovatele je mo\u017en\u00e9 pouze p\u00edsemn\u011b prost\u0159ednictv\u00edm e-mail zpr\u00e1vy \u010di telefonicky.<\/p>\n\n\n\n<p>Rezervace se pova\u017euje za platnou a z\u00e1vaznou v p\u0159\u00edpad\u011b, \u017ee Objednatel p\u00edsemn\u011b prost\u0159ednictv\u00edm e-mail zpr\u00e1vy potvrd\u00ed Objednateli provedenou rezervaci nebo Objednateli bude doru\u010deno automatick\u00e9 e-mail potvrzen\u00ed generovan\u00e9 p\u0159\u00edslu\u0161n\u00fdm online rezerva\u010dn\u00edm syst\u00e9mem.<\/p>\n\n\n\n<p>Rezervace je dokon\u010dena pomoc\u00ed platebn\u00ed karty nebo uhrazen\u00edm z\u00e1lohy ve v\u00fd\u0161i objednan\u00e9ho ubytov\u00e1n\u00ed a slu\u017eeb. Mohou b\u00fdt stanoveny individu\u00e1ln\u00ed podm\u00ednky.<\/p>\n\n\n\n<p>V p\u0159\u00edpad\u011b, \u017ee Objednatel nedokon\u010d\u00ed rezervaci pomoc\u00ed platebn\u00ed karty nebo uhrazen\u00edm z\u00e1lohy ve v\u00fd\u0161i objednan\u00e9ho ubytov\u00e1n\u00ed a slu\u017eeb, tak Poskytovatel nemus\u00ed ubytov\u00e1n\u00ed a slu\u017eby poskytnout.<\/p>\n\n\n\n<p>\u00dadaje, kter\u00e9 jsou uvedeny na potvrzen\u00ed rezervace jsou z\u00e1vazn\u00e9 pro ob\u011b strany<\/p>\n\n\n\n<p><strong>Ceny, stornovac\u00ed a platebn\u00ed podm\u00ednky:<\/strong><\/p>\n\n\n\n<p>Cena je uvedena za pokoj na jednu noc, v\u010detn\u011b sn\u00eddan\u011b, pokud nezvol\u00ed Objednatel jinak.<\/p>\n\n\n\n<p>K&nbsp;cen\u011b za ubytov\u00e1n\u00ed p\u0159in\u00e1le\u017e\u00ed p\u0159\u00edslu\u0161n\u00e9 DPH a m\u00edstn\u00ed poplatek z&nbsp;pobytu stanoven\u00fd p\u0159\u00edslu\u0161n\u00fdm m\u011bstsk\u00fdm \u00fa\u0159adem za osoba a noc.<\/p>\n\n\n\n<p>Zru\u0161en\u00ed potvrzen\u00e9 rezervace je mo\u017en\u00e9 u\u010dinit pouze p\u00edsemnou formou, tedy prost\u0159ednictv\u00edm e-mail zpr\u00e1vy. P\u0159esn\u00fd zp\u016fsob zru\u0161en\u00ed rezervace je dan\u00fd rezerva\u010dn\u00edm syst\u00e9mem, kter\u00fd byl pro rezervaci vyu\u017eit.<\/p>\n\n\n\n<p>P\u0159i zru\u0161en\u00ed rezervace, kter\u00e1 byla zad\u00e1na p\u0159es extern\u00ed poskytovatele (nap\u0159. booking.com) je nutn\u00e9 rezervaci zru\u0161it takt\u00e9\u017e p\u0159es tohoto poskytovatele zp\u016fsobem, kter\u00fd poskytovatel vy\u017eaduje a za podm\u00ednek rezervace.<\/p>\n\n\n\n<p>V p\u0159\u00edpad\u011b zru\u0161en\u00ed rezervace Objednatelem ve lh\u016ft\u011b del\u0161\u00ed ne\u017e 5 dn\u016f p\u0159ed zvolen\u00fdm dnem &nbsp;n\u00e1stupu k ubytov\u00e1n\u00ed (check in) bude Poskytovatel \u00fa\u010dtovat Objednateli manipula\u010dn\u00ed poplatek ve v\u00fd\u0161i 200,00 CZK.<\/p>\n\n\n\n<p>V p\u0159\u00edpad\u011b zru\u0161en\u00ed rezervace Objednatelem ve lh\u016ft\u011b 5 dn\u016f a krat\u0161\u00ed p\u0159ed zvolen\u00fdm dnem&nbsp; n\u00e1stupu k ubytov\u00e1n\u00ed (check in) bude Poskytovatel \u00fa\u010dtovat Objednateli storno&nbsp; 100% z ceny.<\/p>\n\n\n\n<p>Zm\u011bna rezervace, tj. p\u0159esun objednan\u00fdch slu\u017eeb na jin\u00fd term\u00edn je pova\u017eov\u00e1n za zru\u0161en\u00ed p\u016fvodn\u00ed rezervace a \u0159\u00edd\u00ed se stejn\u00fdm re\u017eimem jako zru\u0161en\u00ed rezervace.<\/p>\n\n\n\n<p>Ubytov\u00e1n\u00ed je mo\u017en\u00e9 uhradit v hotovosti. V p\u0159\u00edpad\u011b platby kreditn\u00ed\/platebn\u00ed kartou bude \u00fa\u010dtov\u00e1na \u010d\u00e1stka v m\u011bn\u011b CZK, EUR \u010di USD dle vybran\u00e9 m\u011bny.<\/p>\n\n\n\n<p>Podle z\u00e1kona o evidenci tr\u017eeb je Poskytovatel povinen vystavit Objednateli \u00fa\u010dtenku. Z\u00e1rove\u0148 je Poskytovatel povinen zaevidovat p\u0159ijatou tr\u017ebu u spr\u00e1vce dan\u011b online, v p\u0159\u00edpad\u011b technick\u00e9ho v\u00fdpadku pak nejpozd\u011bji do 48 hodin.<\/p>\n\n\n\n<p>Poskytovatel si vyhrazuje pr\u00e1vo p\u0159edb\u011b\u017en\u00e9 p\u0159edautorizace karty Objednatele a\u017e do v\u00fd\u0161e celkov\u00e9 \u010d\u00e1stky za ubytov\u00e1n\u00ed.<\/p>\n\n\n\n<p>P\u0159i zru\u0161en\u00ed rezervace (v p\u0159\u00edpad\u011b standardn\u00ed rezervace) bude \u00fa\u010dtov\u00e1n p\u0159\u00edslu\u0161n\u00fd storno poplatek.<\/p>\n\n\n\n<p>V&nbsp;p\u0159\u00edpad\u011b volby nevratn\u00e9 rezervace m\u00e1 Poskytovatel pr\u00e1vo \u00fa\u010dtovat 100% z&nbsp;ceny ubytov\u00e1n\u00ed kdykoliv po vytvo\u0159en\u00ed rezervace.<\/p>\n\n\n\n<p>V p\u0159\u00edpad\u011b nedojezdu Objednatele je rezervace stornov\u00e1na a Poskytovatel je opr\u00e1vn\u011bn \u00fa\u010dtovat n\u00e1klady na cel\u00fd pobyt Objednatele.<\/p>\n\n\n\n<p><strong>Pr\u00e1va a povinnosti Objednatele:<\/strong><\/p>\n\n\n\n<p>Objednatel m\u00e1 pr\u00e1vo u\u017e\u00edvat rezervovan\u00fd ubytovac\u00ed prostor a jeho vybaven\u00ed, stejn\u011b tak, jako vybaven\u00ed spole\u010dn\u00fdch prostor<\/p>\n\n\n\n<p>Objednatel je odpov\u011bdn\u00fd za v\u0161echny \u0161kody zp\u016fsoben\u00e9 v&nbsp;ubytovac\u00edm i spole\u010dn\u00e9m prostoru b\u011bhem pobytu a souhlas\u00ed s t\u00edm, \u017ee uhrad\u00ed p\u0159\u00edpadn\u00e9 n\u00e1klady na opravy, v\u00fdm\u011bny nebo zvl\u00e1\u0161tn\u00ed \u010di\u0161t\u011bn\u00ed. V\u00fd\u0161e \u00fahrady bude ur\u010dena Poskytovatelem.<\/p>\n\n\n\n<p>Objednatel je povinen ve\u0161ker\u00e9 z\u00e1vady a p\u0159\u00edpadn\u00e9 nedostatky reklamovat b\u011bhem sv\u00e9ho pobytu u poskytovatele, aby mohla b\u00fdt sjedn\u00e1na n\u00e1prava.<\/p>\n\n\n\n<p>Objednatel je povinen nejpozd\u011bji v den p\u0159\u00edjezdu uhradit n\u00e1klady spojen\u00e9 s vyu\u017eit\u00edm ubytovac\u00edch slu\u017eeb Poskytovatele, nejpozd\u011bji v&nbsp;den odjezdu je pak Objednatel povinen uhradit po sv\u00e9m p\u0159\u00edjezdu a kter\u00e9 mu poskytovatel poskytl &#8211; dopl\u0148kov\u00e9 slu\u017eby (v rezervaci nezahrnut\u00e9 slu\u017eby), nebylo-li dohodnuto jinak. V p\u0159\u00edpad\u011b neuhrazen\u00ed \u010d\u00e1stky je Poskytovatel\u016f opr\u00e1vn\u011bn \u00fa\u010dtovat odpov\u00eddaj\u00edc\u00ed \u010d\u00e1stku z platebn\u00ed karty Objednatele po jeho odjezdu.<\/p>\n\n\n\n<p>Objednatel m\u016f\u017ee odstoupit od smlouvy na z\u00e1klad\u011b stornovac\u00edch podm\u00ednek nebo v p\u0159\u00edpad\u011b, \u017ee Poskytovatel neposkytl Objednateli p\u0159edem dohodnut\u00e9 slu\u017eby odpov\u00eddaj\u00edc\u00ed standardu ubytovac\u00edho za\u0159\u00edzen\u00ed Poskytovatele. Standardn\u00ed doba p\u0159ihl\u00e1\u0161en\u00ed do ubytovac\u00edho za\u0159\u00edzen\u00ed Poskytovatele je od 14:00 hodin v den p\u0159\u00edjezdu, kdy d\u0159\u00edv\u011bj\u0161\u00ed p\u0159ihl\u00e1\u0161en\u00ed je mo\u017en\u00e9 pouze po dohod\u011b s&nbsp;Poskytovatelem za\u0159\u00edzen\u00ed a m\u016f\u017ee b\u00fdt zpoplatn\u011bn. Standardn\u00ed doba odhl\u00e1\u0161en\u00ed je do 11:00 hodin v den odjezdu. Pozdn\u00ed odhl\u00e1\u0161en\u00ed je mo\u017en\u00e9 po dohod\u011b s&nbsp;Poskytovatelem a m\u016f\u017ee b\u00fdt zpoplatn\u011bno.<\/p>\n\n\n\n<p>Cel\u00e9 ubytovac\u00ed za\u0159\u00edzen\u00ed Poskytovatele je neku\u0159\u00e1ck\u00e9. Poru\u0161en\u00ed tohoto na\u0159\u00edzen\u00ed a kou\u0159en\u00ed v&nbsp;ubytovac\u00edm za\u0159\u00edzen\u00ed oprav\u0148uje Poskytovatele, aby Objednateli na\u00fa\u010dtoval sank\u010dn\u00ed pokutu ve v\u00fd\u0161i 5.000,00 K\u010d za vy\u010di\u0161t\u011bn\u00ed ubytovac\u00edho za\u0159\u00edzen\u00ed Poskytovatele. Kou\u0159en\u00ed je mo\u017en\u00e9 pouze p\u0159ed ubytovac\u00edm za\u0159\u00edzen\u00edm Poskytovatele v m\u00edst\u011b tomu vyhrazen\u00e9m.<\/p>\n\n\n\n<p>V rozmez\u00ed od 22:00 hodin do 06:00 hodin je doba no\u010dn\u00edho klidu. Chov\u00e1n\u00ed, kter\u00e9 vede k ru\u0161en\u00ed ostatn\u00edch n\u00e1v\u0161t\u011bvn\u00edk\u016f ubytovac\u00edho za\u0159\u00edzen\u00ed Poskytovatele v dob\u011b no\u010dn\u00edho klidu, je p\u0159\u00edsn\u011b zak\u00e1z\u00e1no (zahrnuje hlasit\u00fd poslech hudby, televize, k\u0159ik v pokoj\u00edch, chodb\u00e1ch a dal\u0161\u00ed ru\u0161iv\u00e9 chov\u00e1n\u00ed). V p\u0159\u00edpad\u011b v\u00e1\u017en\u00e9 poru\u0161en\u00ed tohoto pravidla m\u016f\u017ee hotel pokutovat hosty sank\u010dn\u00ed pokutou a do v\u00fd\u0161e 10.000,00 K\u010d nebo, v nutn\u00fdch p\u0159\u00edpadech, volat policii.<\/p>\n\n\n\n<p>Psi mohou b\u00fdt ubytov\u00e1ni na z\u00e1klad\u011b p\u0159edchoz\u00ed dohody Objednatele s Poskytovatelem.<\/p>\n\n\n\n<p><strong>Pr\u00e1va a povinnosti poskytovatele slu\u017eby:<\/strong><\/p>\n\n\n\n<p>Poskytovatel je povinen pro Objednatele zajistit ubytov\u00e1n\u00ed a slu\u017eby na z\u00e1klad\u011b p\u0159edem objednan\u00fdch a dohodnut\u00fdch podm\u00ednek, kter\u00e9 odpov\u00eddaj\u00ed standardu ubytovac\u00edho za\u0159\u00edzen\u00ed Poskytovatele.<\/p>\n\n\n\n<p>V p\u0159\u00edpad\u011b, \u017ee ubytovac\u00ed za\u0159\u00edzen\u00ed Poskytovatele nem\u016f\u017ee Objednatele ubytovat na z\u00e1klad\u011b p\u0159edem vytvo\u0159en\u00e9 a potvrzen\u00e9 rezervace, m\u00e1 Poskytovatele povinnost zajistit pro Objednatele adekv\u00e1tn\u00ed ubytov\u00e1n\u00ed v jin\u00e9m ubytovac\u00edm za\u0159\u00edzen\u00ed.<\/p>\n\n\n\n<p><strong>Z\u00e1v\u011bre\u010dn\u00e1 ustanoven\u00ed:<\/strong><\/p>\n\n\n\n<p>Tyto v\u0161eobecn\u00e9 obchodn\u00ed podm\u00ednky jsou platn\u00e9 od 01.01.2022 a Poskytovatele si vyhrazuje pr\u00e1vo jejich zm\u011bn a Objednatel je povinen se \u0159\u00eddit v\u017edy aktu\u00e1ln\u00edmi v\u0161eobecn\u00fdmi obchodn\u00edmi podm\u00ednkami.<\/p>\n\n\n\n<p>Poskytovatele shroma\u017e\u010fuje osobn\u00ed \u00fadaje Objednatele pouze po dobu nezbytn\u011b nutnou a tyto \u00fadaje neposkytuje dal\u0161\u00edm osob\u00e1m jinak viz. Prohl\u00e1\u0161en\u00ed o zpracov\u00e1n\u00ed osobn\u00edch \u00fadaj\u016f a pou\u010den\u00ed subjekt\u016f \u00fadaj\u016f.<\/p>\n","protected":false},"excerpt":{"rendered":"<p>V\u0161eobecn\u00e9 obchodn\u00ed podm\u00ednky \u00da\u010dastn\u00edci smluvn\u00edho vztahu: Poskytovatel slu\u017eby &#8211; spole\u010dnost Gastro Ho\u0159ovice, s.r.o., se s\u00eddlem &#8230; <\/p>\n<div class=\"text-center\"><a class=\"theme-btn\" href=\"https:\/\/hoteluparku.cz\/de\/obchodni-podminky\/\">Read More<\/a><\/div>\n","protected":false},"author":1,"featured_media":0,"parent":0,"menu_order":0,"comment_status":"closed","ping_status":"closed","template":"","meta":{"_links_to":"","_links_to_target":""},"_links":{"self":[{"href":"https:\/\/hoteluparku.cz\/de\/wp-json\/wp\/v2\/pages\/160"}],"collection":[{"href":"https:\/\/hoteluparku.cz\/de\/wp-json\/wp\/v2\/pages"}],"about":[{"href":"https:\/\/hoteluparku.cz\/de\/wp-json\/wp\/v2\/types\/page"}],"author":[{"embeddable":true,"href":"https:\/\/hoteluparku.cz\/de\/wp-json\/wp\/v2\/users\/1"}],"replies":[{"embeddable":true,"href":"https:\/\/hoteluparku.cz\/de\/wp-json\/wp\/v2\/comments?post=160"}],"version-history":[{"count":3,"href":"https:\/\/hoteluparku.cz\/de\/wp-json\/wp\/v2\/pages\/160\/revisions"}],"predecessor-version":[{"id":254,"href":"https:\/\/hoteluparku.cz\/de\/wp-json\/wp\/v2\/pages\/160\/revisions\/254"}],"wp:attachment":[{"href":"https:\/\/hoteluparku.cz\/de\/wp-json\/wp\/v2\/media?parent=160"}],"curies":[{"name":"wp","href":"https:\/\/api.w.org\/{rel}","templated":true}]}}