{"id":164,"date":"2022-07-07T19:00:07","date_gmt":"2022-07-07T17:00:07","guid":{"rendered":"https:\/\/hoteluparku.cz\/de?page_id=164"},"modified":"2022-11-09T15:57:34","modified_gmt":"2022-11-09T14:57:34","slug":"gdpr","status":"publish","type":"page","link":"https:\/\/hoteluparku.cz\/de\/gdpr\/","title":{"rendered":"Datenschutzkl\u00e4rung"},"content":{"rendered":"\n<p><strong>Prohl\u00e1\u0161en\u00ed o zpracov\u00e1n\u00ed osobn\u00edch \u00fadaj\u016f podle GDPR a pou\u010den\u00ed subjekt\u016f \u00fadaj\u016f<\/strong><\/p>\n\n\n\n<p><strong>Prohl\u00e1\u0161en\u00ed o zpracov\u00e1n\u00ed osobn\u00edch \u00fadaj\u016f<\/strong> podle Na\u0159\u00edzen\u00ed Evropsk\u00e9ho parlamentu a Rady (EU) 2016\/679 ze dne 27.04.2016 o ochran\u011b fyzick\u00fdch osob v souvislosti se zpracov\u00e1n\u00edm osobn\u00edch \u00fadaj\u016f a o voln\u00e9m pohybu t\u011bchto \u00fadaj\u016f a o zru\u0161en\u00ed sm\u011brnice 95\/46\/ES (obecn\u00e9 na\u0159\u00edzen\u00ed o ochran\u011b osobn\u00edch \u00fadaj\u016f) ozna\u010dovan\u00e9 d\u00e1le t\u00e9\u017e jako \u201e<strong>GDPR<\/strong>\u201c (General Data Protection Regulation), kter\u00e9 nabylo \u00fa\u010dinnosti dnem&nbsp;25.05.2018, kter\u00e9 p\u0159edstavuje pr\u00e1vn\u00ed r\u00e1mec ochrany osobn\u00edch \u00fadaj\u016f platn\u00fd na cel\u00e9m \u00fazem\u00ed Evropsk\u00e9 unie a <strong>pou\u010den\u00ed subjekt\u016f \u00fadaj\u016f<\/strong>.<\/p>\n\n\n\n<p><strong>Spr\u00e1vce osobn\u00edch \u00fadaj\u016f<\/strong><\/p>\n\n\n\n<p>Obchodn\u00ed kapit\u00e1lov\u00e1 spole\u010dnost <strong><u>Gastro Ho\u0159ovice, s.r.o.<\/u><\/strong>, se s\u00eddlem Pod N\u00e1dra\u017e\u00edm 281\/22, 26801 Ho\u0159ovice, I\u010c: 01476467, DI\u010c: CZ01476467, zapsan\u00e1 v obchodn\u00edm rejst\u0159\u00edku veden\u00e9m u M\u011bstsk\u00e9ho soudu v&nbsp;Praze odd\u00edl C, vlo\u017eka 206935 (d\u00e1le jen \u201espr\u00e1vce\u201c) <strong>V\u00e1s<\/strong> t\u00edmto v souladu s \u010dl. 12 GDPR <strong>informuje o zpracov\u00e1n\u00ed Va\u0161ich osobn\u00edch \u00fadaj\u016f<\/strong> a o <strong>Va\u0161ich pr\u00e1vech<\/strong>.<\/p>\n\n\n\n<p><strong>Rozsah zpracov\u00e1n\u00ed osobn\u00edch \u00fadaj\u016f<\/strong><\/p>\n\n\n\n<p><strong>Osobn\u00ed \u00fadaje<\/strong> jsou zpracov\u00e1ny v rozsahu, v jak\u00e9m je p\u0159\u00edslu\u0161n\u00fd subjekt \u00fadaj\u016f spr\u00e1vci poskytl, a to v souvislosti s uzav\u0159en\u00edm smluvn\u00edho \u010di jin\u00e9ho pr\u00e1vn\u00edho vztahu se spr\u00e1vcem, nebo kter\u00e9 spr\u00e1vce shrom\u00e1\u017edil jinak a zpracov\u00e1v\u00e1 je v souladu s platn\u00fdmi pr\u00e1vn\u00edmi p\u0159edpisy \u010di k pln\u011bn\u00ed z\u00e1konn\u00fdch povinnost\u00ed spr\u00e1vce.<\/p>\n\n\n\n<p><strong>Zdroje osobn\u00edch \u00fadaj\u016f<\/strong><\/p>\n\n\n\n<p><strong>Z\u00edskan\u00e9 p\u0159\u00edmo od subjekt\u016f \u00fadaj\u016f<\/strong> &#8211; z\u00e1kazn\u00edka, uchaze\u010de o zam\u011bstn\u00e1n\u00ed, e-mailov\u00e1 komunikace, telefonn\u00ed komunikace, kontaktn\u00ed formul\u00e1\u0159 na webu a podobn\u011b.<\/p>\n\n\n\n<p><strong>Z\u00edskan\u00e9 nep\u0159\u00edmo od obchodn\u00edch partner\u016f spr\u00e1vce<\/strong> &#8211; cestovn\u00ed kancel\u00e1\u0159e, spole\u010dnost\u00ed provozuj\u00edc\u00ed on-line rezervace ubytov\u00e1n\u00ed a podobn\u011b.<\/p>\n\n\n\n<p><strong>Kategorie osobn\u00edch \u00fadaj\u016f, kter\u00e9 jsou p\u0159edm\u011btem zpracov\u00e1n\u00ed<\/strong><\/p>\n\n\n\n<p><strong>Adresn\u00ed a identifika\u010dn\u00ed<\/strong> \u00fadaje slou\u017e\u00edc\u00ed k jednozna\u010dn\u00e9 a nezam\u011bniteln\u00e9 identifikaci subjektu \u00fadaj\u016f &#8211; jm\u00e9no, p\u0159\u00edjmen\u00ed, datum narozen\u00ed, adresa trval\u00e9ho pobytu, st\u00e1tn\u00ed ob\u010danstv\u00ed, \u010d\u00edslo cestovn\u00edho dokladu nebo jin\u00e9ho ofici\u00e1ln\u00edho dokladu toto\u017enosti, \u010d\u00edslo v\u00edza, \u00fa\u010del pobytu, podpis.<\/p>\n\n\n\n<p>Kontaktn\u00ed \u00fadaje a \u00fadaje umo\u017e\u0148uj\u00edc\u00ed kontakt se subjektem &#8211; kontaktn\u00ed adresa, \u010d\u00edslo telefonu, e-mailov\u00e1 adresa a jin\u00e9 obdobn\u00e9 informace.<\/p>\n\n\n\n<p>Popisn\u00e9 \u00fadaje &#8211; nap\u0159. bankovn\u00ed spojen\u00ed.<\/p>\n\n\n\n<p>Dal\u0161\u00ed \u00fadaje nezbytn\u00e9 pro pln\u011bn\u00ed smlouvy.<\/p>\n\n\n\n<p>\u00dadaje poskytnut\u00e9 nad r\u00e1mec p\u0159\u00edslu\u0161n\u00fdch z\u00e1kon\u016f zpracov\u00e1van\u00e9 v r\u00e1mci ud\u011blen\u00e9ho souhlasu ze strany subjektu \u00fadaj\u016f za \u00fa\u010delem marketingov\u00fdch sd\u011blen\u00ed, person\u00e1ln\u00edch \u0159\u00edzen\u00ed a podobn\u011b.<\/p>\n\n\n\n<p><strong>Kategorie subjekt\u016f \u00fadaj\u016f<\/strong><\/p>\n\n\n\n<p>Z\u00e1kazn\u00edk spr\u00e1vce.<\/p>\n\n\n\n<p>Zam\u011bstnanec spr\u00e1vce.<\/p>\n\n\n\n<p>Dodavatel spr\u00e1vce.<\/p>\n\n\n\n<p>Jin\u00e1 osoba, kter\u00e9 je ve smluvn\u00edm vztahu ke spr\u00e1vci.<\/p>\n\n\n\n<p>Uchaze\u010d o zam\u011bstn\u00e1n\u00ed.<\/p>\n\n\n\n<p><strong>Kategorie p\u0159\u00edjemc\u016f osobn\u00edch \u00fadaj\u016f<\/strong><\/p>\n\n\n\n<p>Finan\u010dn\u00ed \u00fastavy.<\/p>\n\n\n\n<p>Zpracovatel\u00e9.<\/p>\n\n\n\n<p>St\u00e1tn\u00ed a jin\u00e9 org\u00e1ny v r\u00e1mci pln\u011bn\u00ed z\u00e1konn\u00fdch povinnost\u00ed stanoven\u00fdch p\u0159\u00edslu\u0161n\u00fdmi pr\u00e1vn\u00edmi p\u0159edpisy.<\/p>\n\n\n\n<p><strong>\u00da\u010del zpracov\u00e1n\u00ed osobn\u00edch \u00fadaj\u016f<\/strong><\/p>\n\n\n\n<p>Realizace objedn\u00e1vek, rezervac\u00ed, uzav\u00edr\u00e1n\u00ed a pln\u011bn\u00ed smluv t\u00fdkaj\u00edc\u00edch se j\u00ed nab\u00edzen\u00fdch a poskytovan\u00fdch slu\u017eeb, a d\u00e1le v p\u0159\u00edpadech j\u00ed z\u00e1konem ulo\u017een\u00fdch, a to zejm\u00e9na z\u00e1konem o m\u00edstn\u00edch poplatc\u00edch za \u00fa\u010delem v\u00fdb\u011bru poplatku za l\u00e1ze\u0148sk\u00fd nebo rekrea\u010dn\u00ed pobyt, anebo poplatku z ubytovac\u00ed kapacity, a z\u00e1konem o pobytu cizinc\u016f, kdy je poskytnut\u00ed osobn\u00edch \u00fadaj\u016f povinn\u00e9 <strong>(ve v\u00fd\u0161e uveden\u00fdch p\u0159\u00edpadech je spr\u00e1vce v souladu s ustanoven\u00edm \u010dl. 6 odst. 1 p\u00edsm. b), c), f) GDPR opr\u00e1vn\u011bn zpracov\u00e1vat Va\u0161e osobn\u00ed \u00fadaje i bez Va\u0161eho souhlasu.<\/strong><\/p>\n\n\n\n<p>Pro \u00fa\u010dely obsa\u017een\u00e9 v r\u00e1mci souhlasu subjektu \u00fadaj\u016f.<\/p>\n\n\n\n<p>Pro jedn\u00e1n\u00ed o smluvn\u00edm vztahu.<\/p>\n\n\n\n<p>Pro pln\u011bn\u00ed smlouvy.<\/p>\n\n\n\n<p>Pro ochranu pr\u00e1v spr\u00e1vce, p\u0159\u00edjemce nebo jin\u00fdch dot\u010den\u00fdch osob, nap\u0159\u00edklad vym\u00e1h\u00e1n\u00ed pohled\u00e1vek spr\u00e1vce.<\/p>\n\n\n\n<p>Pro archivnictv\u00ed veden\u00e9 na z\u00e1klad\u011b z\u00e1kona.<\/p>\n\n\n\n<p>Pro v\u00fdb\u011brov\u00e1 \u0159\u00edzen\u00ed na voln\u00e1 pracovn\u00ed m\u00edsta.<\/p>\n\n\n\n<p>Pro pln\u011bn\u00ed z\u00e1konn\u00fdch povinnost\u00ed ze strany spr\u00e1vce.<\/p>\n\n\n\n<p>Pro ochranu \u017eivotn\u011b d\u016fle\u017eit\u00fdch z\u00e1jm\u016f subjektu \u00fadaj\u016f.<\/p>\n\n\n\n<p><strong>P\u0159i rezervaci na webov\u00fdch str\u00e1nk\u00e1ch spr\u00e1vce jsou vy\u017eadov\u00e1ny osobn\u00ed \u00fadaje, kter\u00e9 jsou nutn\u00e9 pro \u00fasp\u011b\u0161n\u00e9 vy\u0159\u00edzen\u00ed rezervace<\/strong> (jm\u00e9no, p\u0159\u00edjmen\u00ed, telefon, e-mail). <strong>\u00da\u010delem zpracov\u00e1n\u00ed osobn\u00edch \u00fadaj\u016f je vy\u0159\u00edzen\u00ed objedn\u00e1vky subjektu \u00fadaj\u016f a v\u00fdkon pr\u00e1v a povinnost\u00ed vypl\u00fdvaj\u00edc\u00edch ze smluvn\u00edho vztahu mezi subjektem \u00fadaj\u016f (z\u00e1kazn\u00edkem) a spr\u00e1vcem<\/strong>. \u00da\u010delem zpracov\u00e1n\u00ed osobn\u00edch \u00fadaj\u016f je <strong>d\u00e1le zas\u00edl\u00e1n\u00ed obchodn\u00edch sd\u011blen\u00ed a \u010din\u011bn\u00ed dal\u0161\u00edch marketingov\u00fdch aktivit<\/strong>. Z\u00e1konn\u00fdm d\u016fvodem pro zpracov\u00e1n\u00ed osobn\u00edch \u00fadaj\u016f je pln\u011bn\u00ed smlouvy dle \u010dl. 6 odst. 1 p\u00edsm. b) GDPR, pln\u011bn\u00ed pr\u00e1vn\u00ed povinnosti spr\u00e1vce dle \u010dl. 6 odst. 1 p\u00edsm. c) GDPR a opr\u00e1vn\u011bn\u00fd z\u00e1jem spr\u00e1vce dle \u010dl. 6 odst. 1 p\u00edsm. f) GDPR. <strong>Opr\u00e1vn\u011bn\u00fdm z\u00e1jmem spr\u00e1vce je zpracov\u00e1n\u00ed osobn\u00edch \u00fadaj\u016f pro \u00fa\u010dely p\u0159\u00edm\u00e9ho marketingu<\/strong>.<\/p>\n\n\n\n<p><strong>Zp\u016fsob zpracov\u00e1n\u00ed a ochrany osobn\u00edch \u00fadaj\u016f<\/strong><\/p>\n\n\n\n<p><strong>Zpracov\u00e1n\u00ed osobn\u00edch \u00fadaj\u016f prov\u00e1d\u00ed spr\u00e1vce<\/strong>. Zpracov\u00e1n\u00ed je prov\u00e1d\u011bno v jeho provozovn\u00e1ch a s\u00eddle spr\u00e1vce jednotliv\u00fdmi pov\u011b\u0159en\u00fdmi zam\u011bstnanci spr\u00e1vce, p\u0159\u00edp. zpracovatelem. Ke zpracov\u00e1n\u00ed doch\u00e1z\u00ed prost\u0159ednictv\u00edm v\u00fdpo\u010detn\u00ed techniky, pop\u0159. i manu\u00e1ln\u00edm zp\u016fsobem u osobn\u00edch \u00fadaj\u016f v listinn\u00e9 podob\u011b za dodr\u017een\u00ed v\u0161ech bezpe\u010dnostn\u00edch z\u00e1sad pro spr\u00e1vu a zpracov\u00e1n\u00ed osobn\u00edch \u00fadaj\u016f.<\/p>\n\n\n\n<p>Za t\u00edmto \u00fa\u010delem spr\u00e1vce <strong>p\u0159ijal vhodn\u00e9 technick\u00e1 a organiza\u010dn\u00ed opat\u0159en\u00ed<\/strong> (v souladu s \u010dl\u00e1nkem 25 GDPR) k zaji\u0161t\u011bn\u00ed ochrany osobn\u00edch \u00fadaj\u016f, zejm\u00e9na opat\u0159en\u00ed, aby nemohlo doj\u00edt k neopr\u00e1vn\u011bn\u00e9mu nebo nahodil\u00e9mu p\u0159\u00edstupu k osobn\u00edm \u00fadaj\u016fm, jejich zm\u011bn\u011b, zni\u010den\u00ed \u010di ztr\u00e1t\u011b, neopr\u00e1vn\u011bn\u00fdm p\u0159enos\u016fm, k jejich neopr\u00e1vn\u011bn\u00e9mu zpracov\u00e1n\u00ed, jako\u017e i k jin\u00e9mu zneu\u017eit\u00ed osobn\u00edch \u00fadaj\u016f. Ve\u0161ker\u00e9 subjekty, kter\u00fdm mohou b\u00fdt osobn\u00ed \u00fadaje zp\u0159\u00edstupn\u011bny, respektuj\u00ed pr\u00e1vo subjekt\u016f \u00fadaj\u016f na ochranu soukrom\u00ed a jsou povinny postupovat dle platn\u00fdch pr\u00e1vn\u00edch p\u0159edpis\u016f t\u00fdkaj\u00edc\u00edch se ochrany osobn\u00edch \u00fadaj\u016f.<\/p>\n\n\n\n<p>Ze strany Poskytovatele nedoch\u00e1z\u00ed k automatick\u00e9mu individu\u00e1ln\u00edmu rozhodov\u00e1n\u00ed (v\u010detn\u011b profilov\u00e1n\u00ed) ve smyslu \u010d. 22 GDPR.<\/p>\n\n\n\n<p><strong>Doba zpracov\u00e1n\u00ed osobn\u00edch \u00fadaj\u016f<\/strong><\/p>\n\n\n\n<p>V souladu se lh\u016ftami uveden\u00fdmi v p\u0159\u00edslu\u0161n\u00fdch smlouv\u00e1ch, ve spisov\u00e9m a skarta\u010dn\u00edm \u0159\u00e1du spr\u00e1vce \u010di v p\u0159\u00edslu\u0161n\u00fdch pr\u00e1vn\u00edch p\u0159edpisech jde o dobu nezbytn\u011b nutnou k zaji\u0161t\u011bn\u00ed pr\u00e1v a povinnost\u00ed plynouc\u00edch jak ze z\u00e1vazkov\u00e9ho vztahu, tak i z p\u0159\u00edslu\u0161n\u00fdch pr\u00e1vn\u00edch p\u0159edpis\u016f.<\/p>\n\n\n\n<p><strong>Pou\u010den\u00ed<\/strong><\/p>\n\n\n\n<p>Spr\u00e1vce zpracov\u00e1v\u00e1 \u00fadaje se souhlasem subjektu \u00fadaj\u016f s v\u00fdjimkou z\u00e1konem stanoven\u00fdch p\u0159\u00edpad\u016f, kdy zpracov\u00e1n\u00ed osobn\u00edch \u00fadaj\u016f nevy\u017eaduje souhlas subjektu \u00fadaj\u016f.<\/p>\n\n\n\n<p>V souladu se \u010dl. 6 odst. 1 GDPR m\u016f\u017ee spr\u00e1vce bez souhlasu subjektu \u00fadaj\u016f zpracov\u00e1vat tyto \u00fadaje:<\/p>\n\n\n\n<ul><li>subjekt \u00fadaj\u016f ud\u011blil souhlas se zpracov\u00e1n\u00edm sv\u00fdch osobn\u00edch \u00fadaj\u016f pro jeden \u010di v\u00edce konkr\u00e9tn\u00edch \u00fa\u010del\u016f;<\/li><li>zpracov\u00e1n\u00ed je nezbytn\u00e9 pro spln\u011bn\u00ed smlouvy, jej\u00ed\u017e smluvn\u00ed stranou je subjekt \u00fadaj\u016f, nebo pro proveden\u00ed opat\u0159en\u00ed p\u0159ijat\u00fdch p\u0159ed uzav\u0159en\u00edm smlouvy na \u017e\u00e1dost tohoto subjektu \u00fadaj\u016f;<\/li><li>zpracov\u00e1n\u00ed je nezbytn\u00e9 pro spln\u011bn\u00ed pr\u00e1vn\u00ed povinnosti, kter\u00e1 se na spr\u00e1vce vztahuje;<\/li><li>zpracov\u00e1n\u00ed je nezbytn\u00e9 pro ochranu \u017eivotn\u011b d\u016fle\u017eit\u00fdch z\u00e1jm\u016f subjektu \u00fadaj\u016f nebo jin\u00e9 fyzick\u00e9 osoby;<\/li><li>zpracov\u00e1n\u00ed je nezbytn\u00e9 pro spln\u011bn\u00ed \u00fakolu prov\u00e1d\u011bn\u00e9ho ve ve\u0159ejn\u00e9m z\u00e1jmu nebo p\u0159i v\u00fdkonu ve\u0159ejn\u00e9 moci, kter\u00fdm je pov\u011b\u0159en spr\u00e1vce;<\/li><li>zpracov\u00e1n\u00ed je nezbytn\u00e9 pro \u00fa\u010dely opr\u00e1vn\u011bn\u00fdch z\u00e1jm\u016f p\u0159\u00edslu\u0161n\u00e9ho spr\u00e1vce \u010di t\u0159et\u00ed strany, krom\u011b p\u0159\u00edpad\u016f, kdy p\u0159ed t\u011bmito z\u00e1jmy maj\u00ed p\u0159ednost z\u00e1jmy nebo z\u00e1kladn\u00ed pr\u00e1va a svobody subjektu \u00fadaj\u016f vy\u017eaduj\u00edc\u00ed ochranu osobn\u00edch \u00fadaj\u016f, zejm\u00e9na pokud je subjektem \u00fadaj\u016f d\u00edt\u011b.<\/li><\/ul>\n\n\n\n<p><strong>Pr\u00e1va subjekt\u016f \u00fadaj\u016f<\/strong><\/p>\n\n\n\n<p>V souladu se \u010dl. 12 GDPR informuje spr\u00e1vce na \u017e\u00e1dost subjektu \u00fadaj\u016f subjekt \u00fadaj\u016f o pr\u00e1vu na p\u0159\u00edstup k osobn\u00edm \u00fadaj\u016fm a k n\u00e1sleduj\u00edc\u00edm informac\u00edm:<\/p>\n\n\n\n<ul><li>\u00fa\u010delu zpracov\u00e1n\u00ed,<\/li><li>kategorii dot\u010den\u00fdch osobn\u00edch \u00fadaj\u016f,<\/li><li>p\u0159\u00edjemci nebo kategorie p\u0159\u00edjemc\u016f, kter\u00fdm osobn\u00ed \u00fadaje byly nebo budou zp\u0159\u00edstupn\u011bny,<\/li><li>pl\u00e1novan\u00e9 dob\u011b, po kterou budou osobn\u00ed \u00fadaje ulo\u017eeny,<\/li><li>ve\u0161ker\u00e9 dostupn\u00e9 informace o zdroji osobn\u00edch \u00fadaj\u016f,<\/li><li>pokud nejsou z\u00edsk\u00e1ny od subjektu \u00fadaj\u016f, skute\u010dnosti, zda doch\u00e1z\u00ed k automatizovan\u00e9mu rozhodov\u00e1n\u00ed, v\u010detn\u011b profilov\u00e1n\u00ed.<\/li><\/ul>\n\n\n\n<p>Subjekt \u00fadaj\u016f m\u00e1 d\u00e1le pr\u00e1vo po\u017eadovat od spr\u00e1vce:<\/p>\n\n\n\n<ul><li>p\u0159\u00edstup ke sv\u00fdm osobn\u00edm \u00fadaj\u016fm dle \u010dl. 15 GDPR,<\/li><li>opravu osobn\u00edch \u00fadaj\u016f dle \u010dl. 16 GDPR,<\/li><li>pr\u00e1vo na v\u00fdmaz, pr\u00e1vo b\u00fdt zapomenut dle \u010dl. 17 GDPR,<\/li><li>pr\u00e1vo na omezen\u00ed zpracov\u00e1n\u00ed dle \u010dl. 18 GDPR,<\/li><li>pr\u00e1vo na p\u0159enositelnost \u00fadaj\u016f dle \u010dl. 20 GDPR,<\/li><li>pr\u00e1vo vzn\u00e9st n\u00e1mitku proti zpracov\u00e1n\u00ed dle \u010dl. 21 GDPR,<\/li><li>pr\u00e1vo neb\u00fdt p\u0159edm\u011btem \u017e\u00e1dn\u00e9ho rozhodnut\u00ed zalo\u017een\u00e9ho v\u00fdhradn\u011b na automatizovan\u00e9m zpracov\u00e1n\u00ed v\u010detn\u011b profilov\u00e1n\u00ed dle \u010dl. 22 GDPR.<\/li><\/ul>\n\n\n\n<p>Ka\u017ed\u00fd subjekt \u00fadaj\u016f, kter\u00fd zjist\u00ed nebo se domn\u00edv\u00e1, \u017ee spr\u00e1vce nebo zpracovatel prov\u00e1d\u00ed zpracov\u00e1n\u00ed jeho osobn\u00edch \u00fadaj\u016f, kter\u00e9 je v rozporu s ochranou soukrom\u00e9ho a osobn\u00edho \u017eivota subjektu \u00fadaj\u016f nebo v rozporu se z\u00e1konem, zejm\u00e9na jsou-li osobn\u00ed \u00fadaje nep\u0159esn\u00e9 s ohledem na \u00fa\u010del jejich zpracov\u00e1n\u00ed, m\u016f\u017ee:<\/p>\n\n\n\n<ul><li>po\u017e\u00e1dat spr\u00e1vce o vysv\u011btlen\u00ed,<\/li><li>po\u017eadovat, aby spr\u00e1vce odstranil takto vznikl\u00fd stav, zejm\u00e9na se m\u016f\u017ee jednat o blokov\u00e1n\u00ed, proveden\u00ed opravy, dopln\u011bn\u00ed nebo vymaz\u00e1n\u00ed osobn\u00edch \u00fadaj\u016f.<\/li><\/ul>\n\n\n\n<p>Je-li \u017e\u00e1dost subjektu \u00fadaj\u016f podle odstavce 1 shled\u00e1na opr\u00e1vn\u011bnou, spr\u00e1vce odstran\u00ed neprodlen\u011b z\u00e1vadn\u00fd stav.<\/p>\n\n\n\n<p>Nevyhov\u00ed-li spr\u00e1vce \u017e\u00e1dosti subjektu \u00fadaj\u016f podle odstavce 1, m\u00e1 subjekt \u00fadaj\u016f pr\u00e1vo obr\u00e1tit se p\u0159\u00edmo na dozorov\u00fd \u00fa\u0159ad, tedy \u00da\u0159ad na ochranu osobn\u00edch \u00fadaj\u016f.<\/p>\n\n\n\n<p>V\u00fd\u0161e uveden\u00fd postup subjektu \u00fadaj\u016f nevylu\u010duje, aby se subjekt \u00fadaj\u016f obr\u00e1til se sv\u00fdm podn\u011btem na dozorov\u00fd \u00fa\u0159ad p\u0159\u00edmo.<\/p>\n\n\n\n<p>Spr\u00e1vce m\u00e1 pr\u00e1vo za poskytnut\u00ed informace po\u017eadovat p\u0159im\u011b\u0159enou \u00fahradu nep\u0159evy\u0161uj\u00edc\u00ed n\u00e1klady nezbytn\u00e9 na poskytnut\u00ed informace.<\/p>\n\n\n\n<p><strong>Zm\u011bna pravidel o ochran\u011b osobn\u00edch \u00fadaj\u016f<\/strong><\/p>\n\n\n\n<p>V p\u0159\u00edpad\u011b jak\u00fdchkoliv zm\u011bn pravidel o ochran\u011b osobn\u00edch \u00fadaj\u016f, budeme tyto zm\u011bny komunikovat na www str\u00e1nk\u00e1ch. Proto je doporu\u010dujeme pravideln\u011b kontrolovat.<\/p>\n\n\n\n<p><strong>Kontaktujte n\u00e1s<\/strong><\/p>\n\n\n\n<p>V p\u0159\u00edpad\u011b jak\u00fdchkoliv dotaz\u016f nebo \u017e\u00e1dost\u00ed ohledn\u011b t\u011bchto pravidel o ochran\u011b osobn\u00edch \u00fadaj\u016f n\u00e1s nev\u00e1hejte kontaktovat na adrese:<\/p>\n\n\n\n<p><strong>Gastro Ho\u0159ovice, s.r.o.<\/strong>, Pod N\u00e1dra\u017e\u00edm 281\/22, 26801 Ho\u0159ovice.<\/p>\n\n\n\n<p><strong>Hotel U Parku a Penzion Villa<\/strong><\/p>\n\n\n\n<p>Tel.: +420 603 853&nbsp;949<\/p>\n\n\n\n<p>Tel.: +420 311 706&nbsp;290<\/p>\n\n\n\n<p><a href=\"mailto:recepce@hoteluparku.cz\">recepce@hoteluparku.cz<\/a><\/p>\n\n\n\n<p><strong>Kav\u00e1rna \u2013 Bistro na Pansk\u00e1 zahrad\u011b<\/strong><\/p>\n\n\n\n<p>Tel: 732 555&nbsp;207<\/p>\n\n\n\n<p><a href=\"mailto:zahradka@hoteluparku.cz\">zahradka@hoteluparku.cz<\/a><\/p>\n\n\n\n<p>Tyto kontaktn\u00ed \u00fadaje m\u016f\u017eete pou\u017e\u00edt i v p\u0159\u00edpad\u011b, \u017ee m\u00e1te z\u00e1jem o zobrazen\u00ed, opraven\u00ed, zablokov\u00e1n\u00ed \u010di vymaz\u00e1n\u00ed informac\u00ed, kter\u00e9 byly o V\u00e1s prost\u0159ednictv\u00edm <strong>webov\u00fdch str\u00e1nk\u00e1ch spr\u00e1vce <\/strong>nashrom\u00e1\u017ed\u011bny.<\/p>\n","protected":false},"excerpt":{"rendered":"<p>Prohl\u00e1\u0161en\u00ed o zpracov\u00e1n\u00ed osobn\u00edch \u00fadaj\u016f podle GDPR a pou\u010den\u00ed subjekt\u016f \u00fadaj\u016f Prohl\u00e1\u0161en\u00ed o zpracov\u00e1n\u00ed osobn\u00edch &#8230; <\/p>\n<div class=\"text-center\"><a class=\"theme-btn\" href=\"https:\/\/hoteluparku.cz\/de\/gdpr\/\">Read More<\/a><\/div>\n","protected":false},"author":1,"featured_media":0,"parent":0,"menu_order":0,"comment_status":"closed","ping_status":"closed","template":"","meta":{"_links_to":"","_links_to_target":""},"_links":{"self":[{"href":"https:\/\/hoteluparku.cz\/de\/wp-json\/wp\/v2\/pages\/164"}],"collection":[{"href":"https:\/\/hoteluparku.cz\/de\/wp-json\/wp\/v2\/pages"}],"about":[{"href":"https:\/\/hoteluparku.cz\/de\/wp-json\/wp\/v2\/types\/page"}],"author":[{"embeddable":true,"href":"https:\/\/hoteluparku.cz\/de\/wp-json\/wp\/v2\/users\/1"}],"replies":[{"embeddable":true,"href":"https:\/\/hoteluparku.cz\/de\/wp-json\/wp\/v2\/comments?post=164"}],"version-history":[{"count":2,"href":"https:\/\/hoteluparku.cz\/de\/wp-json\/wp\/v2\/pages\/164\/revisions"}],"predecessor-version":[{"id":251,"href":"https:\/\/hoteluparku.cz\/de\/wp-json\/wp\/v2\/pages\/164\/revisions\/251"}],"wp:attachment":[{"href":"https:\/\/hoteluparku.cz\/de\/wp-json\/wp\/v2\/media?parent=164"}],"curies":[{"name":"wp","href":"https:\/\/api.w.org\/{rel}","templated":true}]}}