{"id":40,"date":"2022-06-30T11:53:33","date_gmt":"2022-06-30T09:53:33","guid":{"rendered":"http:\/\/hoteluparku.cz\/?page_id=40"},"modified":"2025-05-22T14:28:42","modified_gmt":"2025-05-22T12:28:42","slug":"kontakt","status":"publish","type":"page","link":"https:\/\/hoteluparku.cz\/en\/kontakt\/","title":{"rendered":"Contact us"},"content":{"rendered":"\n<div class=\"wp-container-4 wp-block-columns\">\n<div class=\"wp-container-1 wp-block-column\">\n<p><strong>Hotel U Parku<\/strong><br>Pod N\u00e1dra\u017e\u00edm 281\/22<br>268 01 Ho\u0159ovice<br><strong>Person responsible:<\/strong><br>Gastro Ho\u0159ovice, s.r.o.<br><strong>I\u010c:<\/strong>&nbsp;01476467<br><strong>DI\u010c:<\/strong>&nbsp;CZ01476467<\/p>\n<\/div>\n\n\n\n<div class=\"wp-container-2 wp-block-column\">\n<p><strong>Telephone number, email address<\/strong><br>Tel:\u00a0+420 603 853 949<br>recepce@hoteluparku.cz<\/p>\n<\/div>\n\n\n\n<div class=\"wp-container-3 wp-block-column\">\n<p><strong>Kav\u00e1rna \u2013 Bistro<\/strong><br>na Pansk\u00e1 zahrad\u011b<br>Tel: 732 555 207 zahradka@hoteluparku.cz<\/p>\n<\/div>\n<\/div>\n\n\n\n<p><\/p>\n\n\n\n<p><\/p>\n\n\n\n<p><\/p>\n\n\n\n<iframe loading=\"lazy\" style=\"border:none\" src=\"https:\/\/frame.mapy.cz\/s\/josanegapu\" width=\"1200\" height=\"1200\" frameborder=\"0\"><\/iframe>\n","protected":false},"excerpt":{"rendered":"<p>Hotel U ParkuPod N\u00e1dra\u017e\u00edm 281\/22268 01 Ho\u0159ovicePerson responsible:Gastro Ho\u0159ovice, s.r.o.I\u010c:&nbsp;01476467DI\u010c:&nbsp;CZ01476467 Telephone number, email addressTel:\u00a0+420 603 &#8230; <\/p>\n<div class=\"text-center\"><a class=\"theme-btn\" href=\"https:\/\/hoteluparku.cz\/en\/kontakt\/\">Read More<\/a><\/div>\n","protected":false},"author":1,"featured_media":0,"parent":0,"menu_order":0,"comment_status":"closed","ping_status":"closed","template":"","meta":{"_links_to":"","_links_to_target":""},"_links":{"self":[{"href":"https:\/\/hoteluparku.cz\/en\/wp-json\/wp\/v2\/pages\/40"}],"collection":[{"href":"https:\/\/hoteluparku.cz\/en\/wp-json\/wp\/v2\/pages"}],"about":[{"href":"https:\/\/hoteluparku.cz\/en\/wp-json\/wp\/v2\/types\/page"}],"author":[{"embeddable":true,"href":"https:\/\/hoteluparku.cz\/en\/wp-json\/wp\/v2\/users\/1"}],"replies":[{"embeddable":true,"href":"https:\/\/hoteluparku.cz\/en\/wp-json\/wp\/v2\/comments?post=40"}],"version-history":[{"count":13,"href":"https:\/\/hoteluparku.cz\/en\/wp-json\/wp\/v2\/pages\/40\/revisions"}],"predecessor-version":[{"id":266,"href":"https:\/\/hoteluparku.cz\/en\/wp-json\/wp\/v2\/pages\/40\/revisions\/266"}],"wp:attachment":[{"href":"https:\/\/hoteluparku.cz\/en\/wp-json\/wp\/v2\/media?parent=40"}],"curies":[{"name":"wp","href":"https:\/\/api.w.org\/{rel}","templated":true}]}}